{"id":3,"date":"2019-12-04T22:25:11","date_gmt":"2019-12-05T04:25:11","guid":{"rendered":"http:\/\/flatsometest.flywheelsites.com\/?page_id=3"},"modified":"2024-04-17T13:19:42","modified_gmt":"2024-04-17T18:19:42","slug":"privacy-policy","status":"publish","type":"page","link":"https:\/\/www.mwcompanies.com\/es\/politica-de-privacidad\/","title":{"rendered":"Pol\u00edtica de privacidad"},"content":{"rendered":"<p><strong>Pol\u00edtica de privacidad de las empresas del Medio Oeste<\/strong><\/p>\n\n\n\n<p>Esta pol\u00edtica de privacidad explicar\u00e1 c\u00f3mo Nuestra Empresa, <a href=\"https:\/\/www.mwcompanies.com\/es\/\" target=\"_blank\" rel=\"noreferrer noopener\">Empresas del Medio Oeste<\/a>, utiliza los datos personales que recopilamos de usted cuando utiliza nuestro sitio web.<\/p>\n\n\n\n<h2 class=\"wp-block-heading\"><strong>Temas:<\/strong><\/h2>\n\n\n\n<ul class=\"wp-block-list\">\n<li>\u00bfQu\u00e9 datos recopilamos?<\/li>\n\n\n\n<li>\u00bfC\u00f3mo recogemos tus datos?<\/li>\n\n\n\n<li>\u00bfC\u00f3mo usaremos tus datos?<\/li>\n\n\n\n<li>\u00bfC\u00f3mo almacenamos tus datos?<\/li>\n\n\n\n<li>Marketing<\/li>\n\n\n\n<li>\u00bfCu\u00e1les son sus derechos en materia de protecci\u00f3n de datos?<\/li>\n\n\n\n<li>\u00bfQu\u00e9 son las galletas?<\/li>\n\n\n\n<li>C\u00f3mo usamos las cookies?<\/li>\n\n\n\n<li>\u00bfQu\u00e9 tipos de cookies utilizamos?<\/li>\n\n\n\n<li>C\u00f3mo gestionar tus cookies<\/li>\n\n\n\n<li>Pol\u00edticas de privacidad de otros sitios web<\/li>\n\n\n\n<li>Cambios en nuestra pol\u00edtica de privacidad<\/li>\n\n\n\n<li>C\u00f3mo contactarnos<\/li>\n\n\n\n<li>C\u00f3mo contactar a las autoridades correspondientes<\/li>\n<\/ul>\n\n\n\n<h2 class=\"wp-block-heading\"><strong>\u00bfQu\u00e9 datos recopilamos?<\/strong><\/h2>\n\n\n\n<p>Nuestra Empresa recopila los siguientes datos:<\/p>\n\n\n\n<p>Informaci\u00f3n de identificaci\u00f3n personal (Nombre, direcci\u00f3n de correo electr\u00f3nico, n\u00famero de tel\u00e9fono, etc.)<\/p>\n\n\n\n<p>Informaci\u00f3n relacionada con temas\/cursos de inter\u00e9s<\/p>\n\n\n\n<h2 class=\"wp-block-heading\"><strong>\u00bfC\u00f3mo recogemos tus datos?<\/strong><\/h2>\n\n\n\n<p>Usted proporciona directamente a Nuestra Empresa la mayor\u00eda de los datos que recopilamos. Recopilamos y procesamos datos cuando usted:<\/p>\n\n\n\n<p>Reg\u00edstrese en l\u00ednea para que nos comuniquemos con usted<\/p>\n\n\n\n<p>Complete voluntariamente una encuesta para clientes o proporcione comentarios en cualquiera de nuestros foros de mensajes o por correo electr\u00f3nico.<\/p>\n\n\n\n<p>Utilice o vea nuestro sitio web a trav\u00e9s de las cookies de su navegador.<\/p>\n\n\n\n<p>Nuestra Empresa tambi\u00e9n puede recibir sus datos indirectamente de las siguientes fuentes:<\/p>\n\n\n\n<p>Paginas de redes sociales.<\/p>\n\n\n\n<h2 class=\"wp-block-heading\"><strong>\u00bfC\u00f3mo usaremos tus datos?<\/strong><\/h2>\n\n\n\n<p>Nuestra Empresa recopila sus datos para que podamos:<\/p>\n\n\n\n<p>Env\u00ede un correo electr\u00f3nico con ofertas especiales sobre liderazgo intelectual y servicios que creemos que le podr\u00edan gustar.<\/p>\n\n\n\n<p>Nuestra Empresa no compartir\u00e1 sus datos con nuestras empresas asociadas para que puedan ofrecerle sus productos y servicios.<\/p>\n\n\n\n<h2 class=\"wp-block-heading\"><strong>\u00bfC\u00f3mo almacenamos tus datos?<\/strong><\/h2>\n\n\n\n<p>Nuestra empresa almacena de forma segura sus datos en mwcompanies.com.<\/p>\n\n\n\n<p>Nuestra Empresa conservar\u00e1 sus datos mientras desee recibir comunicaciones. Una vez transcurrido este plazo, eliminaremos tus datos de nuestra base de datos.<\/p>\n\n\n\n<h2 class=\"wp-block-heading\"><strong>Marketing<\/strong><\/h2>\n\n\n\n<p>A nuestra empresa le gustar\u00eda enviarle informaci\u00f3n sobre liderazgo intelectual y servicios nuestros que creemos que podr\u00edan interesarle.<\/p>\n\n\n\n<p>Si ha aceptado recibir marketing, siempre podr\u00e1 optar por no recibirlo en una fecha posterior.<\/p>\n\n\n\n<p>Tiene derecho en cualquier momento a impedir que Nuestra Empresa se comunique con usted con fines de marketing o proporcione sus datos a otros miembros de Nuestro Grupo de Empresa.<\/p>\n\n\n\n<p>Si ya no desea que lo contactemos con fines de marketing, por favor <a href=\"mailto:info@mwcompanies.com\">haga clic aqu\u00ed<\/a>.<\/p>\n\n\n\n<h2 class=\"wp-block-heading\"><strong>\u00bfCu\u00e1les son sus derechos en materia de protecci\u00f3n de datos?<\/strong><\/h2>\n\n\n\n<p>Nuestra empresa desea asegurarse de que usted conozca plenamente todos sus derechos de protecci\u00f3n de datos. Todo usuario tiene derecho a lo siguiente:<\/p>\n\n\n\n<p>El derecho de acceso: tiene derecho a solicitar a Nuestra Empresa copias de sus datos personales. Es posible que le cobremos una peque\u00f1a tarifa por este servicio.<\/p>\n\n\n\n<p>Derecho a rectificaci\u00f3n: tiene derecho a solicitar que nuestra empresa corrija cualquier informaci\u00f3n que considere inexacta. Tambi\u00e9n tiene derecho a solicitar a Nuestra Empresa que complete la informaci\u00f3n que considere incompleta.<\/p>\n\n\n\n<p>El derecho de eliminaci\u00f3n: tiene derecho a solicitar que nuestra empresa borre sus datos personales, bajo ciertas condiciones.<\/p>\n\n\n\n<p>El derecho a restringir el procesamiento: tiene derecho a solicitar que nuestra empresa restrinja el procesamiento de sus datos personales, bajo ciertas condiciones.<\/p>\n\n\n\n<p>El derecho a oponerse al procesamiento: tiene derecho a oponerse al procesamiento de sus datos personales por parte de Nuestra Empresa, bajo ciertas condiciones.<\/p>\n\n\n\n<p>El derecho a la portabilidad de los datos: tiene derecho a solicitar que nuestra empresa transfiera los datos que hemos recopilado a otra organizaci\u00f3n, o directamente a usted, bajo ciertas condiciones.<\/p>\n\n\n\n<p>Si realiza una solicitud, tenemos un mes para responderle. Si desea ejercer alguno de estos derechos, p\u00f3ngase en contacto con nosotros a nuestro correo electr\u00f3nico:<\/p>\n\n\n\n<p>Ll\u00e1manos al: (847) 426-6354<\/p>\n\n\n\n<p>O env\u00edenos un correo electr\u00f3nico: Info@mwcompanies.com<\/p>\n\n\n\n<h2 class=\"wp-block-heading\"><strong>Galletas<\/strong><\/h2>\n\n\n\n<p>Las cookies son archivos de texto que se colocan en su computadora para recopilar informaci\u00f3n est\u00e1ndar de registro de Internet e informaci\u00f3n sobre el comportamiento de los visitantes. Cuando visita nuestros sitios web, podemos recopilar informaci\u00f3n sobre usted autom\u00e1ticamente a trav\u00e9s de cookies o tecnolog\u00eda similar.<\/p>\n\n\n\n<p>Para obtener m\u00e1s informaci\u00f3n, visite allaboutcookies.org.<\/p>\n\n\n\n<h2 class=\"wp-block-heading\"><strong>C\u00f3mo usamos las cookies?<\/strong><\/h2>\n\n\n\n<p>Nuestra Empresa utiliza cookies de diversas formas para mejorar su experiencia en nuestro sitio web, que incluyen:<\/p>\n\n\n\n<p>Mantenerte registrado<\/p>\n\n\n\n<p>Comprender c\u00f3mo utiliza nuestro sitio web<\/p>\n\n\n\n<h2 class=\"wp-block-heading\"><strong>\u00bfQu\u00e9 tipos de cookies utilizamos?<\/strong><\/h2>\n\n\n\n<p>Existen varios tipos diferentes de cookies, sin embargo, nuestro sitio web utiliza:<\/p>\n\n\n\n<p>Funcionalidad: nuestra empresa utiliza estas cookies para que lo reconozcamos en nuestro sitio web y recordemos sus preferencias previamente seleccionadas. Estos podr\u00edan incluir el idioma que prefiere y la ubicaci\u00f3n en la que se encuentra. Se utiliza una combinaci\u00f3n de cookies propias y de terceros.<\/p>\n\n\n\n<p>Publicidad: nuestra empresa utiliza estas cookies para recopilar informaci\u00f3n sobre su visita a nuestro sitio web, el contenido que vio, los enlaces que sigui\u00f3 e informaci\u00f3n sobre su navegador, dispositivo y su direcci\u00f3n IP. Nuestra Empresa a veces comparte algunos aspectos limitados de estos datos con terceros con fines publicitarios. Tambi\u00e9n podemos compartir datos en l\u00ednea recopilados a trav\u00e9s de cookies con nuestros socios publicitarios. Esto significa que cuando visita otro sitio web, es posible que se le muestre publicidad basada en sus patrones de navegaci\u00f3n en nuestro sitio web.<\/p>\n\n\n\n<h2 class=\"wp-block-heading\"><strong>C\u00f3mo gestionar las cookies<\/strong><\/h2>\n\n\n\n<p>Puede configurar su navegador para que no acepte cookies y el sitio web mencionado anteriormente le indica c\u00f3mo eliminar las cookies de su navegador. Sin embargo, en algunos casos, es posible que algunas de las funciones de nuestro sitio web no funcionen.<\/p>\n\n\n\n<h2 class=\"wp-block-heading\"><strong>Pol\u00edticas de privacidad de otros sitios web<\/strong><\/h2>\n\n\n\n<p>El sitio web de Nuestra Empresa contiene enlaces a otros sitios web. Nuestra pol\u00edtica de privacidad se aplica \u00fanicamente a nuestro sitio web, por lo que si hace clic en un enlace a otro sitio web, debe leer su pol\u00edtica de privacidad.<\/p>\n\n\n\n<h2 class=\"wp-block-heading\"><strong>Cambios en nuestra pol\u00edtica de privacidad<\/strong><\/h2>\n\n\n\n<p>Nuestra Compa\u00f1\u00eda mantiene su pol\u00edtica de privacidad bajo revisi\u00f3n peri\u00f3dica y publica actualizaciones en esta p\u00e1gina web. Esta pol\u00edtica de privacidad se actualiz\u00f3 por \u00faltima vez el 17 de abril de 2024.<\/p>\n\n\n\n<h2 class=\"wp-block-heading\"><strong>C\u00f3mo contactarnos<\/strong><\/h2>\n\n\n\n<p>Si tiene alguna pregunta sobre la pol\u00edtica de privacidad de Nuestra Empresa, los datos que tenemos sobre usted o si desea ejercer uno de sus derechos de protecci\u00f3n de datos, no dude en contactarnos.<\/p>\n\n\n\n<p>Ll\u00e1manos al: (847) 426-6354<\/p>\n\n\n\n<p>O escr\u00edbenos: info@mwcompanies.com<\/p>","protected":false},"excerpt":{"rendered":"<p>Midwest Companies Privacy Policy This privacy policy will explain how Our Company, Midwest Companies, uses the personal data we collect from you when you use our website. Topics: What data do we collect? Our Company collects the following data: Personal identification information (Name, email address, phone number, etc.) Information related to topics\/courses of interest How [&#8230;]\n","protected":false},"author":3,"featured_media":0,"parent":0,"menu_order":0,"comment_status":"closed","ping_status":"closed","template":"","meta":{"footnotes":""},"class_list":["post-3","page","type-page","status-publish","hentry"],"yoast_head":"<!-- This site is optimized with the Yoast SEO plugin v27.3 - https:\/\/yoast.com\/product\/yoast-seo-wordpress\/ -->\n<title>Privacy Policy | Midwest Companies<\/title>\n<meta name=\"description\" content=\"Privacy policy of Midwest Companies: this page contains the privacy policy on how we use personal data we collect when on our website.\" \/>\n<meta name=\"robots\" content=\"index, follow, max-snippet:-1, max-image-preview:large, max-video-preview:-1\" \/>\n<link rel=\"canonical\" href=\"https:\/\/www.mwcompanies.com\/es\/politica-de-privacidad\/\" \/>\n<meta property=\"og:locale\" content=\"es_MX\" \/>\n<meta property=\"og:type\" content=\"article\" \/>\n<meta property=\"og:title\" content=\"Privacy Policy | Midwest Companies\" \/>\n<meta property=\"og:description\" content=\"Privacy policy of Midwest Companies: this page contains the privacy policy on how we use personal data we collect when on our website.\" \/>\n<meta property=\"og:url\" content=\"https:\/\/www.mwcompanies.com\/es\/politica-de-privacidad\/\" \/>\n<meta property=\"og:site_name\" content=\"Midwest Companies\" \/>\n<meta property=\"article:publisher\" content=\"https:\/\/www.facebook.com\/MidwestMaterialManagement\" \/>\n<meta property=\"article:modified_time\" content=\"2024-04-17T18:19:42+00:00\" \/>\n<meta name=\"twitter:card\" content=\"summary_large_image\" \/>\n<meta name=\"twitter:label1\" content=\"Tiempo de lectura\" \/>\n\t<meta name=\"twitter:data1\" content=\"5 minutes\" \/>\n<script type=\"application\/ld+json\" class=\"yoast-schema-graph\">{\"@context\":\"https:\\\/\\\/schema.org\",\"@graph\":[{\"@type\":\"WebPage\",\"@id\":\"https:\\\/\\\/www.mwcompanies.com\\\/privacy-policy\\\/\",\"url\":\"https:\\\/\\\/www.mwcompanies.com\\\/privacy-policy\\\/\",\"name\":\"Privacy Policy | Midwest Companies\",\"isPartOf\":{\"@id\":\"https:\\\/\\\/www.mwcompanies.com\\\/#website\"},\"datePublished\":\"2019-12-05T04:25:11+00:00\",\"dateModified\":\"2024-04-17T18:19:42+00:00\",\"description\":\"Privacy policy of Midwest Companies: this page contains the privacy policy on how we use personal data we collect when on our website.\",\"breadcrumb\":{\"@id\":\"https:\\\/\\\/www.mwcompanies.com\\\/privacy-policy\\\/#breadcrumb\"},\"inLanguage\":\"es-MX\",\"potentialAction\":[{\"@type\":\"ReadAction\",\"target\":[\"https:\\\/\\\/www.mwcompanies.com\\\/privacy-policy\\\/\"]}]},{\"@type\":\"BreadcrumbList\",\"@id\":\"https:\\\/\\\/www.mwcompanies.com\\\/privacy-policy\\\/#breadcrumb\",\"itemListElement\":[{\"@type\":\"ListItem\",\"position\":1,\"name\":\"Home\",\"item\":\"https:\\\/\\\/www.mwcompanies.com\\\/\"},{\"@type\":\"ListItem\",\"position\":2,\"name\":\"Privacy Policy\"}]},{\"@type\":\"WebSite\",\"@id\":\"https:\\\/\\\/www.mwcompanies.com\\\/#website\",\"url\":\"https:\\\/\\\/www.mwcompanies.com\\\/\",\"name\":\"Midwest Companies\",\"description\":\"Sustainable Waste Management Solutions\",\"publisher\":{\"@id\":\"https:\\\/\\\/www.mwcompanies.com\\\/#organization\"},\"alternateName\":\"MWCompanies\",\"potentialAction\":[{\"@type\":\"SearchAction\",\"target\":{\"@type\":\"EntryPoint\",\"urlTemplate\":\"https:\\\/\\\/www.mwcompanies.com\\\/?s={search_term_string}\"},\"query-input\":{\"@type\":\"PropertyValueSpecification\",\"valueRequired\":true,\"valueName\":\"search_term_string\"}}],\"inLanguage\":\"es-MX\"},{\"@type\":\"Organization\",\"@id\":\"https:\\\/\\\/www.mwcompanies.com\\\/#organization\",\"name\":\"Midwest Companies\",\"url\":\"https:\\\/\\\/www.mwcompanies.com\\\/\",\"logo\":{\"@type\":\"ImageObject\",\"inLanguage\":\"es-MX\",\"@id\":\"https:\\\/\\\/www.mwcompanies.com\\\/#\\\/schema\\\/logo\\\/image\\\/\",\"url\":\"https:\\\/\\\/www.mwcompanies.com\\\/wp-content\\\/uploads\\\/2021\\\/06\\\/logo.svg\",\"contentUrl\":\"https:\\\/\\\/www.mwcompanies.com\\\/wp-content\\\/uploads\\\/2021\\\/06\\\/logo.svg\",\"width\":2315,\"height\":852,\"caption\":\"Midwest Companies\"},\"image\":{\"@id\":\"https:\\\/\\\/www.mwcompanies.com\\\/#\\\/schema\\\/logo\\\/image\\\/\"},\"sameAs\":[\"https:\\\/\\\/www.facebook.com\\\/MidwestMaterialManagement\"]}]}<\/script>\n<!-- \/ Yoast SEO plugin. -->","yoast_head_json":{"title":"Pol\u00edtica de privacidad | Empresas del Medio Oeste","description":"Pol\u00edtica de privacidad de Midwest Companies: esta p\u00e1gina contiene la pol\u00edtica de privacidad sobre c\u00f3mo utilizamos los datos personales que recopilamos cuando estamos en nuestro sitio web.","robots":{"index":"index","follow":"follow","max-snippet":"max-snippet:-1","max-image-preview":"max-image-preview:large","max-video-preview":"max-video-preview:-1"},"canonical":"https:\/\/www.mwcompanies.com\/es\/politica-de-privacidad\/","og_locale":"es_MX","og_type":"article","og_title":"Privacy Policy | Midwest Companies","og_description":"Privacy policy of Midwest Companies: this page contains the privacy policy on how we use personal data we collect when on our website.","og_url":"https:\/\/www.mwcompanies.com\/es\/politica-de-privacidad\/","og_site_name":"Midwest Companies","article_publisher":"https:\/\/www.facebook.com\/MidwestMaterialManagement","article_modified_time":"2024-04-17T18:19:42+00:00","twitter_card":"summary_large_image","twitter_misc":{"Tiempo de lectura":"5 minutes"},"schema":{"@context":"https:\/\/schema.org","@graph":[{"@type":"WebPage","@id":"https:\/\/www.mwcompanies.com\/privacy-policy\/","url":"https:\/\/www.mwcompanies.com\/privacy-policy\/","name":"Pol\u00edtica de privacidad | Empresas del Medio Oeste","isPartOf":{"@id":"https:\/\/www.mwcompanies.com\/#website"},"datePublished":"2019-12-05T04:25:11+00:00","dateModified":"2024-04-17T18:19:42+00:00","description":"Pol\u00edtica de privacidad de Midwest Companies: esta p\u00e1gina contiene la pol\u00edtica de privacidad sobre c\u00f3mo utilizamos los datos personales que recopilamos cuando estamos en nuestro sitio web.","breadcrumb":{"@id":"https:\/\/www.mwcompanies.com\/privacy-policy\/#breadcrumb"},"inLanguage":"es-MX","potentialAction":[{"@type":"ReadAction","target":["https:\/\/www.mwcompanies.com\/privacy-policy\/"]}]},{"@type":"BreadcrumbList","@id":"https:\/\/www.mwcompanies.com\/privacy-policy\/#breadcrumb","itemListElement":[{"@type":"ListItem","position":1,"name":"Home","item":"https:\/\/www.mwcompanies.com\/"},{"@type":"ListItem","position":2,"name":"Privacy Policy"}]},{"@type":"WebSite","@id":"https:\/\/www.mwcompanies.com\/#website","url":"https:\/\/www.mwcompanies.com\/","name":"Empresas del Medio Oeste","description":"Soluciones sostenibles de gesti\u00f3n de residuos","publisher":{"@id":"https:\/\/www.mwcompanies.com\/#organization"},"alternateName":"MWCompanies","potentialAction":[{"@type":"SearchAction","target":{"@type":"EntryPoint","urlTemplate":"https:\/\/www.mwcompanies.com\/?s={search_term_string}"},"query-input":{"@type":"PropertyValueSpecification","valueRequired":true,"valueName":"search_term_string"}}],"inLanguage":"es-MX"},{"@type":"Organization","@id":"https:\/\/www.mwcompanies.com\/#organization","name":"Empresas del Medio Oeste","url":"https:\/\/www.mwcompanies.com\/","logo":{"@type":"ImageObject","inLanguage":"es-MX","@id":"https:\/\/www.mwcompanies.com\/#\/schema\/logo\/image\/","url":"https:\/\/www.mwcompanies.com\/wp-content\/uploads\/2021\/06\/logo.svg","contentUrl":"https:\/\/www.mwcompanies.com\/wp-content\/uploads\/2021\/06\/logo.svg","width":2315,"height":852,"caption":"Midwest Companies"},"image":{"@id":"https:\/\/www.mwcompanies.com\/#\/schema\/logo\/image\/"},"sameAs":["https:\/\/www.facebook.com\/MidwestMaterialManagement"]}]}},"_links":{"self":[{"href":"https:\/\/www.mwcompanies.com\/es\/wp-json\/wp\/v2\/pages\/3","targetHints":{"allow":["GET"]}}],"collection":[{"href":"https:\/\/www.mwcompanies.com\/es\/wp-json\/wp\/v2\/pages"}],"about":[{"href":"https:\/\/www.mwcompanies.com\/es\/wp-json\/wp\/v2\/types\/page"}],"author":[{"embeddable":true,"href":"https:\/\/www.mwcompanies.com\/es\/wp-json\/wp\/v2\/users\/3"}],"replies":[{"embeddable":true,"href":"https:\/\/www.mwcompanies.com\/es\/wp-json\/wp\/v2\/comments?post=3"}],"version-history":[{"count":5,"href":"https:\/\/www.mwcompanies.com\/es\/wp-json\/wp\/v2\/pages\/3\/revisions"}],"predecessor-version":[{"id":689,"href":"https:\/\/www.mwcompanies.com\/es\/wp-json\/wp\/v2\/pages\/3\/revisions\/689"}],"wp:attachment":[{"href":"https:\/\/www.mwcompanies.com\/es\/wp-json\/wp\/v2\/media?parent=3"}],"curies":[{"name":"wp","href":"https:\/\/api.w.org\/{rel}","templated":true}]}}