{"id":710,"date":"2024-09-09T20:31:24","date_gmt":"2024-09-10T01:31:24","guid":{"rendered":"https:\/\/www.mwcompanies.com\/?page_id=710"},"modified":"2026-03-23T14:03:07","modified_gmt":"2026-03-23T19:03:07","slug":"contact-us-form","status":"publish","type":"page","link":"https:\/\/www.mwcompanies.com\/es\/contacto\/","title":{"rendered":"Contacto"},"content":{"rendered":"<section class=\"section dark\" id=\"section_1958972539\">\n\t\t<div class=\"section-bg fill\" >\n\t\t\t<img loading=\"lazy\" decoding=\"async\" width=\"1920\" height=\"1280\" src=\"https:\/\/www.mwcompanies.com\/wp-content\/uploads\/2021\/06\/truck-fleet.jpg\" class=\"bg attachment-original size-original\" alt=\"Flota de camiones\" \/>\t\t\t\t\t\t<div class=\"section-bg-overlay absolute fill\"><\/div>\n\t\t\t\n\n\t\t<\/div>\n\n\t\t\n\n\t\t<div class=\"section-content relative\">\n\t\t\t\n\n<div class=\"row\"  id=\"row-1298369897\">\n\n\n\t<div id=\"col-735191342\" class=\"col medium-10 small-12 large-6\"  >\n\t\t\t\t<div class=\"col-inner text-shadow-5\"  >\n\t\t\t\n\t\t\t\n\n\t<div id=\"text-2619114887\" class=\"text\">\n\t\t\n\n<h1 class=\"display-2 no-margin\">Cont\u00e1ctenos<\/h1>\n<p class=\"lead\">Le ayudamos a gestionar los residuos y el reciclaje comerciales y residenciales<\/p>\n<p>Midwest Companies consta de cuatro empresas que desempe\u00f1an un papel \u00fanico en UN objetivo principal: \u00a1mantener los desechos de construcci\u00f3n y demolici\u00f3n fuera de los vertederos de nuestra naci\u00f3n!<\/p>\n\t\t\n<style>\n#text-2619114887 {\n  font-size: 1.25rem;\n}\n@media (min-width:550px) {\n  #text-2619114887 {\n    font-size: 1rem;\n  }\n}\n<\/style>\n\t<\/div>\n\t\n<a href=\"tel:%20+18474266354\" class=\"button primary\" >\n\t\t<span>Llama hoy: (847) 426-6354<\/span>\n\t<\/a>\n\n\n\n\t\t<\/div>\n\t\t\t\t\t<\/div>\n\n\t\n\n<\/div>\n\n\t\t<\/div>\n\n\t\t\n<style>\n#section_1958972539 {\n  padding-top: 95px;\n  padding-bottom: 95px;\n  background-color: rgb(40, 40, 40);\n}\n#section_1958972539 .section-bg-overlay {\n  background-color: rgba(0, 0, 0, 0.488);\n}\n#section_1958972539 .section-bg img {\n  object-position: 65% 39%;\n}\n@media (min-width:850px) {\n  #section_1958972539 .section-bg-overlay {\n    background-color: rgba(0, 0, 0, 0.523);\n  }\n}\n<\/style>\n\t<\/section>\n\t\n\n\t<section class=\"section\" id=\"section_593509047\">\n\t\t<div class=\"section-bg fill\" >\n\t\t\t<img loading=\"lazy\" decoding=\"async\" width=\"1920\" height=\"1361\" src=\"https:\/\/www.mwcompanies.com\/wp-content\/uploads\/2021\/06\/taller-bg.svg\" class=\"bg attachment- size-\" alt=\"\" \/>\t\t\t\t\t\t\n\t\t\t\n\n\t\t<\/div>\n\n\t\t\n\n\t\t<div class=\"section-content relative\">\n\t\t\t\n\n<span class=\"scroll-to\" data-label=\"Scroll to: #purchase\" data-bullet=\"false\" data-link=\"#purchase\" data-title=\"purchase\"><a name=\"purchase\"><\/a><\/span>\n\n<div class=\"row align-center\"  id=\"row-1192139562\">\n\n\n\t<div id=\"col-451033517\" class=\"col medium-11 small-12 large-7\"  >\n\t\t\t\t<div class=\"col-inner box-shadow-5\" style=\"background-color:rgb(255,255,255);\" >\n\t\t\t\n\t\t\t\n\n\n\n<iframe loading=\"lazy\" src=\"https:\/\/forms.monday.com\/forms\/embed\/ed1e92ad7a6f044b79f494d047071103?r=use1\" width=\"650\" height=\"1100\" style=\"border: 0; box-shadow: 5px 5px 56px 0px rgba(0,0,0,0.25);\"><\/iframe>\n\n\n\t\t<\/div>\n\t\t\t\t\n<style>\n#col-451033517 > .col-inner {\n  padding: 50px 50px 50px 50px;\n}\n<\/style>\n\t<\/div>\n\n\t\n\n\t<div id=\"col-33446369\" class=\"col medium-11 small-12 large-5\"  >\n\t\t\t\t<div class=\"col-inner\"  >\n\t\t\t\n\t\t\t\n\n<h3>Oficina corporativa<\/h3>\n<p>270 N Estado St.<br \/>Hampshire, IL 60140<\/p>\n<div class=\"google-maps\"><iframe src=\"https:\/\/www.google.com\/maps\/embed?pb=!1m18!1m12!1m3!1d2960.30903286809!2d-88.53264148405393!3d42.10085187920495!2m3!1f0!2f0!3f0!3m2!1i1024!2i768!4f13.1!3m3!1m2!1s0x880f3cf1a84434b5%3A0x22be7aeb3e6518c9!2s270%20N%20State%20St%2C%20Hampshire%2C%20IL%2060140!5e0!3m2!1sen!2sus!4v1639767410855!5m2!1sen!2sus\" width=\"600\" height=\"450\" style=\"border:0;\" allowfullscreen=\"\" loading=\"lazy\"><\/iframe><\/div>\n<span class=\"scroll-to\" data-label=\"Scroll to: #directions\" data-bullet=\"false\" data-link=\"#directions\" data-title=\"Change this\"><a name=\"directions\"><\/a><\/span>\n\n<h3>Reparaci\u00f3n de camiones, remolques y equipos<\/h3>\n<div class=\"printable\" dir=\"ltr\">11414 Smith Dr. Unidades D&amp;E<\/div>\n<div class=\"printable\" dir=\"ltr\">Huntley, IL 60142<\/div>\n\t<div id=\"gap-1232631479\" class=\"gap-element clearfix\" style=\"display:block; height:auto;\">\n\t\t\n<style>\n#gap-1232631479 {\n  padding-top: 30px;\n}\n<\/style>\n\t<\/div>\n\t\n\n<p>D\u00e9janos un <a href=\"https:\/\/g.page\/r\/CUzZHHyw-jA4EBM\/review\">Rese\u00f1a de Google<\/a>.<\/p>\n\n\t\t<\/div>\n\t\t\t\t\t<\/div>\n\n\t\n\n<\/div>\n\n\t\t<\/div>\n\n\t\t\n<style>\n#section_593509047 {\n  padding-top: 60px;\n  padding-bottom: 60px;\n}\n#section_593509047 .section-bg img {\n  object-position: 17% 62%;\n}\n<\/style>\n\t<\/section>\n\t\n\n\t<section class=\"section\" id=\"section_1305028102\">\n\t\t<div class=\"section-bg fill\" >\n\t\t\t\t\t\t\t\t\t\n\t\t\t\n\n\t\t<\/div>\n\n\t\t\n\n\t\t<div class=\"section-content relative\">\n\t\t\t\n\n<div class=\"container section-title-container\" ><h2 class=\"section-title section-title-bold\"><b aria-hidden=\"true\"><\/b><span class=\"section-title-main\" >Contactos<\/span><b aria-hidden=\"true\"><\/b><\/h2><\/div>\n\n<div class=\"row\"  id=\"row-994945816\">\n\n\n\t<div id=\"col-284912463\" class=\"col medium-4 small-12 large-4\"  >\n\t\t\t\t<div class=\"col-inner\"  >\n\t\t\t\n\t\t\t\n\n<div class=\"fusion-text\">\n<p><strong>Tel\u00e9fono: <a href=\"tel:+18474266354\">(847) 426-6354<\/a><\/strong><br \/><strong>Balanza: <a href=\"tel:+18476459516\">(847) 645-9516<\/a><\/strong><br \/><strong>Fax: (847) 426-0146<\/strong><\/p>\n<\/div>\n<p><strong>Horas de operaci\u00f3n:<\/strong><br \/><strong>FM<\/strong> 7:00 a. m. a 4:00 p. m.<br \/><strong>s\u00e1bados<\/strong> \u2013 7:00 am \u2013 12:00 pm<br \/><strong>Domingos cerrado<\/strong><br \/><small>LAS HORAS VAR\u00cdAN SEG\u00daN LA TEMPORADA, POR FAVOR LLAME ANTES<\/small><br \/><small>En vigor el 1\/1\/2024<\/small><\/p>\n\n\t\t<\/div>\n\t\t\t\t\t<\/div>\n\n\t\n\n\t<div id=\"col-630709003\" class=\"col medium-4 small-12 large-4\"  >\n\t\t\t\t<div class=\"col-inner\"  >\n\t\t\t\n\t\t\t\n\n\t<div id=\"text-609881392\" class=\"text\">\n\t\t\n\n<p><strong>Empresas del Medio Oeste<br \/><\/strong>Transporte \/ Despacho \/ Ventas de flotas \/ Precios: <a href=\"mailto:skyle@mwcompanies.com\">Steven Kyle<\/a><\/p>\n<p><strong>Gesti\u00f3n de materiales del medio oeste<br \/><\/strong>Transporte \/ Precios: <a href=\"mailto:skyle@mwcompanies.com\">Steven Kyle<\/a><\/p>\n<p><strong>C &amp; D Reciclaje<\/strong><br \/>Steve Berglund<\/p>\n\t\t\n<style>\n#text-609881392 {\n  font-size: 0.9rem;\n}\n<\/style>\n\t<\/div>\n\t\n\n\t\t<\/div>\n\t\t\t\t\t<\/div>\n\n\t\n\n\t<div id=\"col-1129936361\" class=\"col medium-4 small-12 large-4\"  >\n\t\t\t\t<div class=\"col-inner\"  >\n\t\t\t\n\t\t\t\n\n\t<div id=\"text-4061887705\" class=\"text\">\n\t\t\n\n<p><strong>TiEnerg\u00eda<\/strong><br \/>Steve Berglund<\/p>\n<p><strong>TIEROC<\/strong><br \/><a href=\"mailto:skyle@mwcompanies.com\">Steven Kyle<\/a><\/p>\n\t\t\n<style>\n#text-4061887705 {\n  font-size: 0.9rem;\n}\n<\/style>\n\t<\/div>\n\t\n\n\t\t<\/div>\n\t\t\t\t\t<\/div>\n\n\t\n\n<\/div>\n\n\t\t<\/div>\n\n\t\t\n<style>\n#section_1305028102 {\n  padding-top: 58px;\n  padding-bottom: 58px;\n  background-color: rgb(245, 245, 245);\n}\n@media (min-width:550px) {\n  #section_1305028102 {\n    padding-top: 82px;\n    padding-bottom: 82px;\n  }\n}\n<\/style>\n\t<\/section>","protected":false},"excerpt":{"rendered":"","protected":false},"author":3,"featured_media":0,"parent":0,"menu_order":0,"comment_status":"closed","ping_status":"closed","template":"page-blank.php","meta":{"footnotes":""},"class_list":["post-710","page","type-page","status-publish","hentry"],"yoast_head":"<!-- This site is optimized with the Yoast SEO plugin v27.3 - https:\/\/yoast.com\/product\/yoast-seo-wordpress\/ -->\n<title>Sustainable Waste Management Services | Midwest Companies<\/title>\n<meta name=\"description\" content=\"Industrial waste removal, recycling services, railroad tie remediation, heavy hauling, or other C&amp;D material services, call (847) 426-6354...\" \/>\n<meta name=\"robots\" content=\"index, follow, max-snippet:-1, max-image-preview:large, max-video-preview:-1\" \/>\n<link rel=\"canonical\" href=\"https:\/\/www.mwcompanies.com\/es\/contacto\/\" \/>\n<meta property=\"og:locale\" content=\"es_MX\" \/>\n<meta property=\"og:type\" content=\"article\" \/>\n<meta property=\"og:title\" content=\"Sustainable Waste Management Services | Midwest Companies\" \/>\n<meta property=\"og:description\" content=\"Industrial waste removal, recycling services, railroad tie remediation, heavy hauling, or other C&amp;D material services, call (847) 426-6354...\" \/>\n<meta property=\"og:url\" content=\"https:\/\/www.mwcompanies.com\/es\/contacto\/\" \/>\n<meta property=\"og:site_name\" content=\"Midwest Companies\" \/>\n<meta property=\"article:publisher\" content=\"https:\/\/www.facebook.com\/MidwestMaterialManagement\" \/>\n<meta property=\"article:modified_time\" content=\"2026-03-23T19:03:07+00:00\" \/>\n<meta name=\"twitter:card\" content=\"summary_large_image\" \/>\n<meta name=\"twitter:label1\" content=\"Tiempo de lectura\" \/>\n\t<meta name=\"twitter:data1\" content=\"1 minute\" \/>\n<script type=\"application\/ld+json\" class=\"yoast-schema-graph\">{\"@context\":\"https:\\\/\\\/schema.org\",\"@graph\":[{\"@type\":\"WebPage\",\"@id\":\"https:\\\/\\\/www.mwcompanies.com\\\/contact-us-form\\\/\",\"url\":\"https:\\\/\\\/www.mwcompanies.com\\\/contact-us-form\\\/\",\"name\":\"Sustainable Waste Management Services | Midwest Companies\",\"isPartOf\":{\"@id\":\"https:\\\/\\\/www.mwcompanies.com\\\/#website\"},\"datePublished\":\"2024-09-10T01:31:24+00:00\",\"dateModified\":\"2026-03-23T19:03:07+00:00\",\"description\":\"Industrial waste removal, recycling services, railroad tie remediation, heavy hauling, or other C&D material services, call (847) 426-6354...\",\"breadcrumb\":{\"@id\":\"https:\\\/\\\/www.mwcompanies.com\\\/contact-us-form\\\/#breadcrumb\"},\"inLanguage\":\"es-MX\",\"potentialAction\":[{\"@type\":\"ReadAction\",\"target\":[\"https:\\\/\\\/www.mwcompanies.com\\\/contact-us-form\\\/\"]}]},{\"@type\":\"BreadcrumbList\",\"@id\":\"https:\\\/\\\/www.mwcompanies.com\\\/contact-us-form\\\/#breadcrumb\",\"itemListElement\":[{\"@type\":\"ListItem\",\"position\":1,\"name\":\"Home\",\"item\":\"https:\\\/\\\/www.mwcompanies.com\\\/\"},{\"@type\":\"ListItem\",\"position\":2,\"name\":\"Contact\"}]},{\"@type\":\"WebSite\",\"@id\":\"https:\\\/\\\/www.mwcompanies.com\\\/#website\",\"url\":\"https:\\\/\\\/www.mwcompanies.com\\\/\",\"name\":\"Midwest Companies\",\"description\":\"Sustainable Waste Management Solutions\",\"publisher\":{\"@id\":\"https:\\\/\\\/www.mwcompanies.com\\\/#organization\"},\"alternateName\":\"MWCompanies\",\"potentialAction\":[{\"@type\":\"SearchAction\",\"target\":{\"@type\":\"EntryPoint\",\"urlTemplate\":\"https:\\\/\\\/www.mwcompanies.com\\\/?s={search_term_string}\"},\"query-input\":{\"@type\":\"PropertyValueSpecification\",\"valueRequired\":true,\"valueName\":\"search_term_string\"}}],\"inLanguage\":\"es-MX\"},{\"@type\":\"Organization\",\"@id\":\"https:\\\/\\\/www.mwcompanies.com\\\/#organization\",\"name\":\"Midwest Companies\",\"url\":\"https:\\\/\\\/www.mwcompanies.com\\\/\",\"logo\":{\"@type\":\"ImageObject\",\"inLanguage\":\"es-MX\",\"@id\":\"https:\\\/\\\/www.mwcompanies.com\\\/#\\\/schema\\\/logo\\\/image\\\/\",\"url\":\"https:\\\/\\\/www.mwcompanies.com\\\/wp-content\\\/uploads\\\/2021\\\/06\\\/logo.svg\",\"contentUrl\":\"https:\\\/\\\/www.mwcompanies.com\\\/wp-content\\\/uploads\\\/2021\\\/06\\\/logo.svg\",\"width\":2315,\"height\":852,\"caption\":\"Midwest Companies\"},\"image\":{\"@id\":\"https:\\\/\\\/www.mwcompanies.com\\\/#\\\/schema\\\/logo\\\/image\\\/\"},\"sameAs\":[\"https:\\\/\\\/www.facebook.com\\\/MidwestMaterialManagement\"]}]}<\/script>\n<!-- \/ Yoast SEO plugin. -->","yoast_head_json":{"title":"Servicios de gesti\u00f3n sostenible de residuos | Empresas del Medio Oeste","description":"Retiro de desechos industriales, servicios de reciclaje, remediaci\u00f3n de traviesas de ferrocarril, transporte pesado u otros servicios de materiales de C&amp;D, llame al (847) 426-6354...","robots":{"index":"index","follow":"follow","max-snippet":"max-snippet:-1","max-image-preview":"max-image-preview:large","max-video-preview":"max-video-preview:-1"},"canonical":"https:\/\/www.mwcompanies.com\/es\/contacto\/","og_locale":"es_MX","og_type":"article","og_title":"Sustainable Waste Management Services | Midwest Companies","og_description":"Industrial waste removal, recycling services, railroad tie remediation, heavy hauling, or other C&D material services, call (847) 426-6354...","og_url":"https:\/\/www.mwcompanies.com\/es\/contacto\/","og_site_name":"Midwest Companies","article_publisher":"https:\/\/www.facebook.com\/MidwestMaterialManagement","article_modified_time":"2026-03-23T19:03:07+00:00","twitter_card":"summary_large_image","twitter_misc":{"Tiempo de lectura":"1 minute"},"schema":{"@context":"https:\/\/schema.org","@graph":[{"@type":"WebPage","@id":"https:\/\/www.mwcompanies.com\/contact-us-form\/","url":"https:\/\/www.mwcompanies.com\/contact-us-form\/","name":"Servicios de gesti\u00f3n sostenible de residuos | Empresas del Medio Oeste","isPartOf":{"@id":"https:\/\/www.mwcompanies.com\/#website"},"datePublished":"2024-09-10T01:31:24+00:00","dateModified":"2026-03-23T19:03:07+00:00","description":"Retiro de desechos industriales, servicios de reciclaje, remediaci\u00f3n de traviesas de ferrocarril, transporte pesado u otros servicios de materiales de C&amp;D, llame al (847) 426-6354...","breadcrumb":{"@id":"https:\/\/www.mwcompanies.com\/contact-us-form\/#breadcrumb"},"inLanguage":"es-MX","potentialAction":[{"@type":"ReadAction","target":["https:\/\/www.mwcompanies.com\/contact-us-form\/"]}]},{"@type":"BreadcrumbList","@id":"https:\/\/www.mwcompanies.com\/contact-us-form\/#breadcrumb","itemListElement":[{"@type":"ListItem","position":1,"name":"Home","item":"https:\/\/www.mwcompanies.com\/"},{"@type":"ListItem","position":2,"name":"Contact"}]},{"@type":"WebSite","@id":"https:\/\/www.mwcompanies.com\/#website","url":"https:\/\/www.mwcompanies.com\/","name":"Empresas del Medio Oeste","description":"Soluciones sostenibles de gesti\u00f3n de residuos","publisher":{"@id":"https:\/\/www.mwcompanies.com\/#organization"},"alternateName":"MWCompanies","potentialAction":[{"@type":"SearchAction","target":{"@type":"EntryPoint","urlTemplate":"https:\/\/www.mwcompanies.com\/?s={search_term_string}"},"query-input":{"@type":"PropertyValueSpecification","valueRequired":true,"valueName":"search_term_string"}}],"inLanguage":"es-MX"},{"@type":"Organization","@id":"https:\/\/www.mwcompanies.com\/#organization","name":"Empresas del Medio Oeste","url":"https:\/\/www.mwcompanies.com\/","logo":{"@type":"ImageObject","inLanguage":"es-MX","@id":"https:\/\/www.mwcompanies.com\/#\/schema\/logo\/image\/","url":"https:\/\/www.mwcompanies.com\/wp-content\/uploads\/2021\/06\/logo.svg","contentUrl":"https:\/\/www.mwcompanies.com\/wp-content\/uploads\/2021\/06\/logo.svg","width":2315,"height":852,"caption":"Midwest Companies"},"image":{"@id":"https:\/\/www.mwcompanies.com\/#\/schema\/logo\/image\/"},"sameAs":["https:\/\/www.facebook.com\/MidwestMaterialManagement"]}]}},"_links":{"self":[{"href":"https:\/\/www.mwcompanies.com\/es\/wp-json\/wp\/v2\/pages\/710","targetHints":{"allow":["GET"]}}],"collection":[{"href":"https:\/\/www.mwcompanies.com\/es\/wp-json\/wp\/v2\/pages"}],"about":[{"href":"https:\/\/www.mwcompanies.com\/es\/wp-json\/wp\/v2\/types\/page"}],"author":[{"embeddable":true,"href":"https:\/\/www.mwcompanies.com\/es\/wp-json\/wp\/v2\/users\/3"}],"replies":[{"embeddable":true,"href":"https:\/\/www.mwcompanies.com\/es\/wp-json\/wp\/v2\/comments?post=710"}],"version-history":[{"count":7,"href":"https:\/\/www.mwcompanies.com\/es\/wp-json\/wp\/v2\/pages\/710\/revisions"}],"predecessor-version":[{"id":748,"href":"https:\/\/www.mwcompanies.com\/es\/wp-json\/wp\/v2\/pages\/710\/revisions\/748"}],"wp:attachment":[{"href":"https:\/\/www.mwcompanies.com\/es\/wp-json\/wp\/v2\/media?parent=710"}],"curies":[{"name":"wp","href":"https:\/\/api.w.org\/{rel}","templated":true}]}}