{"id":3,"date":"2019-12-04T22:25:11","date_gmt":"2019-12-05T04:25:11","guid":{"rendered":"http:\/\/flatsometest.flywheelsites.com\/?page_id=3"},"modified":"2024-04-17T13:19:42","modified_gmt":"2024-04-17T18:19:42","slug":"privacy-policy","status":"publish","type":"page","link":"https:\/\/www.mwcompanies.com\/pl\/polityka-prywatnosci\/","title":{"rendered":"Polityka prywatno\u015bci"},"content":{"rendered":"<p><strong>Polityka prywatno\u015bci firm ze \u015arodkowego Zachodu<\/strong><\/p>\n\n\n\n<p>Niniejsza polityka prywatno\u015bci wyja\u015bni, w jaki spos\u00f3b Nasza Firma, <a href=\"https:\/\/www.mwcompanies.com\/pl\/\" target=\"_blank\" rel=\"noreferrer noopener\">Firmy ze \u015arodkowego Zachodu<\/a>, wykorzystuje dane osobowe, kt\u00f3re zbieramy od Ciebie podczas korzystania z naszej strony internetowej.<\/p>\n\n\n\n<h2 class=\"wp-block-heading\"><strong>Tematy:<\/strong><\/h2>\n\n\n\n<ul class=\"wp-block-list\">\n<li>Jakie dane zbieramy?<\/li>\n\n\n\n<li>Jak zbieramy Twoje dane?<\/li>\n\n\n\n<li>Jak b\u0119dziemy wykorzystywa\u0107 Twoje dane?<\/li>\n\n\n\n<li>Jak przechowujemy Twoje dane?<\/li>\n\n\n\n<li>Marketing<\/li>\n\n\n\n<li>Jakie masz prawa do ochrony danych?<\/li>\n\n\n\n<li>Co to s\u0105 pliki cookie?<\/li>\n\n\n\n<li>Jak u\u017cywamy plik\u00f3w cookie?<\/li>\n\n\n\n<li>Jakie rodzaje plik\u00f3w cookie u\u017cywamy?<\/li>\n\n\n\n<li>Jak zarz\u0105dza\u0107 plikami cookies<\/li>\n\n\n\n<li>Polityka prywatno\u015bci innych stron internetowych<\/li>\n\n\n\n<li>Zmiany w naszej polityce prywatno\u015bci<\/li>\n\n\n\n<li>Jak si\u0119 z nami skontaktowa\u0107<\/li>\n\n\n\n<li>Jak skontaktowa\u0107 si\u0119 z odpowiednimi organami<\/li>\n<\/ul>\n\n\n\n<h2 class=\"wp-block-heading\"><strong>Jakie dane zbieramy?<\/strong><\/h2>\n\n\n\n<p>Nasza Sp\u00f3\u0142ka gromadzi nast\u0119puj\u0105ce dane:<\/p>\n\n\n\n<p>Dane osobowe (imi\u0119 i nazwisko, adres e-mail, numer telefonu itp.)<\/p>\n\n\n\n<p>Informacje zwi\u0105zane z interesuj\u0105cymi tematami\/kursami<\/p>\n\n\n\n<h2 class=\"wp-block-heading\"><strong>Jak zbieramy Twoje dane?<\/strong><\/h2>\n\n\n\n<p>Wi\u0119kszo\u015b\u0107 gromadzonych przez nas danych przekazujesz bezpo\u015brednio naszej firmie. Gromadzimy i przetwarzamy dane, gdy:<\/p>\n\n\n\n<p>Zarejestruj si\u0119 online, aby\u015bmy mogli si\u0119 z Tob\u0105 skontaktowa\u0107<\/p>\n\n\n\n<p>Dobrowolnie wype\u0142nij ankiet\u0119 dla klient\u00f3w lub przeka\u017c opini\u0119 na dowolnym z naszych for\u00f3w dyskusyjnych lub za po\u015brednictwem poczty elektronicznej.<\/p>\n\n\n\n<p>Korzystaj lub przegl\u0105daj nasz\u0105 witryn\u0119 za po\u015brednictwem plik\u00f3w cookie przegl\u0105darki.<\/p>\n\n\n\n<p>Nasza Sp\u00f3\u0142ka mo\u017ce pozyska\u0107 Twoje dane tak\u017ce po\u015brednio z nast\u0119puj\u0105cych \u017ar\u00f3de\u0142:<\/p>\n\n\n\n<p>Portale spo\u0142eczno\u015bciowe.<\/p>\n\n\n\n<h2 class=\"wp-block-heading\"><strong>Jak b\u0119dziemy wykorzystywa\u0107 Twoje dane?<\/strong><\/h2>\n\n\n\n<p>Nasza Firma gromadzi Twoje dane, aby\u015bmy mogli:<\/p>\n\n\n\n<p>Wysy\u0142aj e-mailem oferty specjalne dotycz\u0105ce przemy\u015blanego przyw\u00f3dztwa i us\u0142ug, kt\u00f3re naszym zdaniem mog\u0105 Ci si\u0119 spodoba\u0107.<\/p>\n\n\n\n<p>Nasza firma nie b\u0119dzie udost\u0119pnia\u0107 Twoich danych naszym firmom partnerskim, aby mog\u0142y oferowa\u0107 Ci swoje produkty i us\u0142ugi.<\/p>\n\n\n\n<h2 class=\"wp-block-heading\"><strong>Jak przechowujemy Twoje dane?<\/strong><\/h2>\n\n\n\n<p>Nasza firma bezpiecznie przechowuje Twoje dane na stronie mwcompanies.com.<\/p>\n\n\n\n<p>Nasza firma b\u0119dzie przechowywa\u0107 Twoje dane tak d\u0142ugo, jak b\u0119dziesz chcia\u0142 otrzymywa\u0107 wiadomo\u015bci. Po up\u0142ywie tego okresu usuniemy Twoje dane z naszej bazy danych.<\/p>\n\n\n\n<h2 class=\"wp-block-heading\"><strong>Marketing<\/strong><\/h2>\n\n\n\n<p>Nasza firma chcia\u0142aby przesy\u0142a\u0107 Ci informacje na temat naszego przyw\u00f3dztwa i us\u0142ug, kt\u00f3re naszym zdaniem mog\u0105 Ci si\u0119 spodoba\u0107.<\/p>\n\n\n\n<p>Je\u015bli wyrazi\u0142e\u015b zgod\u0119 na otrzymywanie materia\u0142\u00f3w marketingowych, zawsze mo\u017cesz zrezygnowa\u0107 w p\u00f3\u017aniejszym terminie.<\/p>\n\n\n\n<p>Masz prawo w dowolnym momencie zabroni\u0107 Naszej Sp\u00f3\u0142ce kontaktowania si\u0119 z Tob\u0105 w celach marketingowych lub przekazywania Twoich danych innym cz\u0142onkom Grupy Naszej Sp\u00f3\u0142ki.<\/p>\n\n\n\n<p>Je\u015bli nie chcesz ju\u017c kontaktowa\u0107 si\u0119 z nami w celach marketingowych, prosimy <a href=\"mailto:info@mwcompanies.com\">Kliknij tutaj<\/a>.<\/p>\n\n\n\n<h2 class=\"wp-block-heading\"><strong>Jakie masz prawa do ochrony danych?<\/strong><\/h2>\n\n\n\n<p>Nasza firma pragnie mie\u0107 pewno\u015b\u0107, \u017ce jeste\u015b w pe\u0142ni \u015bwiadomy wszystkich przys\u0142uguj\u0105cych Ci praw do ochrony danych. Ka\u017cdy u\u017cytkownik ma prawo do:<\/p>\n\n\n\n<p>Prawo dost\u0119pu \u2013 Masz prawo za\u017c\u0105da\u0107 od naszej Sp\u00f3\u0142ki kopii Twoich danych osobowych. Za t\u0119 us\u0142ug\u0119 mo\u017cemy pobra\u0107 od Ciebie niewielk\u0105 op\u0142at\u0119.<\/p>\n\n\n\n<p>Prawo do sprostowania \u2013 masz prawo za\u017c\u0105da\u0107, aby nasza firma poprawi\u0142a wszelkie informacje, kt\u00f3re uwa\u017casz za niedok\u0142adne. Masz r\u00f3wnie\u017c prawo za\u017c\u0105da\u0107 od naszej firmy uzupe\u0142nienia informacji, kt\u00f3re Twoim zdaniem s\u0105 niekompletne.<\/p>\n\n\n\n<p>Prawo do usuni\u0119cia \u2013 masz prawo za\u017c\u0105da\u0107, aby nasza firma usun\u0119\u0142a Twoje dane osobowe, pod pewnymi warunkami.<\/p>\n\n\n\n<p>Prawo do ograniczenia przetwarzania \u2013 Masz prawo za\u017c\u0105da\u0107, aby Nasza Firma ograniczy\u0142a przetwarzanie Twoich danych osobowych, pod pewnymi warunkami.<\/p>\n\n\n\n<p>Prawo do sprzeciwu wobec przetwarzania \u2013 Masz prawo sprzeciwi\u0107 si\u0119 przetwarzaniu Twoich danych osobowych przez nasz\u0105 Sp\u00f3\u0142k\u0119, pod pewnymi warunkami.<\/p>\n\n\n\n<p>Prawo do przenoszenia danych \u2013 Masz prawo za\u017c\u0105da\u0107, aby Nasza Firma przekaza\u0142a zebrane przez nas dane innej organizacji lub bezpo\u015brednio Tobie, pod pewnymi warunkami.<\/p>\n\n\n\n<p>Je\u015bli z\u0142o\u017cysz wniosek, mamy miesi\u0105c na udzielenie Ci odpowiedzi. Je\u015bli chcesz skorzysta\u0107 z kt\u00f3regokolwiek z tych praw, skontaktuj si\u0119 z nami pod adresem e-mail:<\/p>\n\n\n\n<p>Zadzwo\u0144 do nas pod numer: (847) 426-6354<\/p>\n\n\n\n<p>Lub napisz do nas e-mail: Info@mwcompanies.com<\/p>\n\n\n\n<h2 class=\"wp-block-heading\"><strong>Ciasteczka<\/strong><\/h2>\n\n\n\n<p>Pliki cookie to pliki tekstowe umieszczane na Twoim komputerze w celu gromadzenia standardowych informacji z dziennik\u00f3w internetowych i informacji o zachowaniu odwiedzaj\u0105cych. Kiedy odwiedzasz nasze strony internetowe, mo\u017cemy automatycznie zbiera\u0107 od Ciebie informacje za pomoc\u0105 plik\u00f3w cookie lub podobnej technologii<\/p>\n\n\n\n<p>Wi\u0119cej informacji mo\u017cna znale\u017a\u0107 na stronie allaboutcookies.org.<\/p>\n\n\n\n<h2 class=\"wp-block-heading\"><strong>Jak u\u017cywamy plik\u00f3w cookie?<\/strong><\/h2>\n\n\n\n<p>Nasza firma wykorzystuje pliki cookie na r\u00f3\u017cne sposoby, aby poprawi\u0107 komfort korzystania z naszej witryny, w tym:<\/p>\n\n\n\n<p>Utrzymywanie Twojego zalogowania<\/p>\n\n\n\n<p>Zrozumienie, w jaki spos\u00f3b korzystasz z naszej strony internetowej<\/p>\n\n\n\n<h2 class=\"wp-block-heading\"><strong>Jakie rodzaje plik\u00f3w cookie u\u017cywamy?<\/strong><\/h2>\n\n\n\n<p>Istnieje wiele r\u00f3\u017cnych rodzaj\u00f3w plik\u00f3w cookies, jednak\u017ce nasza witryna wykorzystuje:<\/p>\n\n\n\n<p>Funkcjonalno\u015b\u0107 \u2013 Nasza firma wykorzystuje te pliki cookies, aby\u015bmy mogli rozpozna\u0107 Ci\u0119 na naszej stronie internetowej i zapami\u0119ta\u0107 Twoje wcze\u015bniej wybrane preferencje. Mog\u0105 one obejmowa\u0107 preferowany j\u0119zyk i lokalizacj\u0119, w kt\u00f3rej si\u0119 znajdujesz. Stosowane s\u0105 zar\u00f3wno pliki cookie w\u0142asne, jak i pliki cookie stron trzecich.<\/p>\n\n\n\n<p>Reklama \u2013 Nasza firma wykorzystuje te pliki cookie do gromadzenia informacji o Twojej wizycie na naszej stronie internetowej, przegl\u0105danych tre\u015bciach, linkach, z kt\u00f3rych skorzysta\u0142e\u015b oraz informacji o Twojej przegl\u0105darce, urz\u0105dzeniu i adresie IP. Nasza firma czasami udost\u0119pnia pewne ograniczone aspekty tych danych stronom trzecim w celach reklamowych. Mo\u017cemy tak\u017ce udost\u0119pnia\u0107 dane online zebrane za pomoc\u0105 plik\u00f3w cookie naszym partnerom reklamowym. Oznacza to, \u017ce podczas odwiedzania innej witryny internetowej mog\u0105 zosta\u0107 wy\u015bwietlone reklamy w oparciu o Twoje wzorce przegl\u0105dania naszej witryny.<\/p>\n\n\n\n<h2 class=\"wp-block-heading\"><strong>Jak zarz\u0105dza\u0107 plikami cookies<\/strong><\/h2>\n\n\n\n<p>Mo\u017cesz ustawi\u0107 swoj\u0105 przegl\u0105dark\u0119 tak, aby nie akceptowa\u0142a plik\u00f3w cookies, a powy\u017csza strona internetowa poinformuje Ci\u0119, jak usun\u0105\u0107 pliki cookies z przegl\u0105darki. Jednak w niekt\u00f3rych przypadkach niekt\u00f3re funkcje naszej witryny internetowej mog\u0105 nie dzia\u0142a\u0107.<\/p>\n\n\n\n<h2 class=\"wp-block-heading\"><strong>Polityka prywatno\u015bci innych stron internetowych<\/strong><\/h2>\n\n\n\n<p>Strona internetowa Naszej Sp\u00f3\u0142ki zawiera linki do innych stron internetowych. Nasza polityka prywatno\u015bci dotyczy wy\u0142\u0105cznie naszej strony internetowej, dlatego je\u015bli klikniesz w link prowadz\u0105cy do innej strony internetowej, powiniene\u015b zapozna\u0107 si\u0119 z jej polityk\u0105 prywatno\u015bci.<\/p>\n\n\n\n<h2 class=\"wp-block-heading\"><strong>Zmiany w naszej polityce prywatno\u015bci<\/strong><\/h2>\n\n\n\n<p>Nasza firma regularnie przegl\u0105da swoj\u0105 polityk\u0119 prywatno\u015bci i zamieszcza wszelkie aktualizacje na tej stronie internetowej. Niniejsza polityka prywatno\u015bci zosta\u0142a ostatnio zaktualizowana 17 kwietnia 2024 r.<\/p>\n\n\n\n<h2 class=\"wp-block-heading\"><strong>Jak si\u0119 z nami skontaktowa\u0107<\/strong><\/h2>\n\n\n\n<p>Je\u015bli masz jakiekolwiek pytania dotycz\u0105ce polityki prywatno\u015bci naszej firmy, danych, kt\u00f3re na Tw\u00f3j temat przechowujemy, lub chcesz skorzysta\u0107 z jednego ze swoich praw do ochrony danych, nie wahaj si\u0119 z nami skontaktowa\u0107.<\/p>\n\n\n\n<p>Zadzwo\u0144 do nas pod numer: (847) 426-6354<\/p>\n\n\n\n<p>Lub napisz do nas: info@mwcompanies.com<\/p>","protected":false},"excerpt":{"rendered":"<p>Midwest Companies Privacy Policy This privacy policy will explain how Our Company, Midwest Companies, uses the personal data we collect from you when you use our website. Topics: What data do we collect? Our Company collects the following data: Personal identification information (Name, email address, phone number, etc.) Information related to topics\/courses of interest How [&#8230;]\n","protected":false},"author":3,"featured_media":0,"parent":0,"menu_order":0,"comment_status":"closed","ping_status":"closed","template":"","meta":{"footnotes":""},"class_list":["post-3","page","type-page","status-publish","hentry"],"yoast_head":"<!-- This site is optimized with the Yoast SEO plugin v27.3 - https:\/\/yoast.com\/product\/yoast-seo-wordpress\/ -->\n<title>Privacy Policy | Midwest Companies<\/title>\n<meta name=\"description\" content=\"Privacy policy of Midwest Companies: this page contains the privacy policy on how we use personal data we collect when on our website.\" \/>\n<meta name=\"robots\" content=\"index, follow, max-snippet:-1, max-image-preview:large, max-video-preview:-1\" \/>\n<link rel=\"canonical\" href=\"https:\/\/www.mwcompanies.com\/pl\/polityka-prywatnosci\/\" \/>\n<meta property=\"og:locale\" content=\"pl_PL\" \/>\n<meta property=\"og:type\" content=\"article\" \/>\n<meta property=\"og:title\" content=\"Privacy Policy | Midwest Companies\" \/>\n<meta property=\"og:description\" content=\"Privacy policy of Midwest Companies: this page contains the privacy policy on how we use personal data we collect when on our website.\" \/>\n<meta property=\"og:url\" content=\"https:\/\/www.mwcompanies.com\/pl\/polityka-prywatnosci\/\" \/>\n<meta property=\"og:site_name\" content=\"Midwest Companies\" \/>\n<meta property=\"article:publisher\" content=\"https:\/\/www.facebook.com\/MidwestMaterialManagement\" \/>\n<meta property=\"article:modified_time\" content=\"2024-04-17T18:19:42+00:00\" \/>\n<meta name=\"twitter:card\" content=\"summary_large_image\" \/>\n<meta name=\"twitter:label1\" content=\"Szacowany czas czytania\" \/>\n\t<meta name=\"twitter:data1\" content=\"5 minutes\" \/>\n<script type=\"application\/ld+json\" class=\"yoast-schema-graph\">{\"@context\":\"https:\\\/\\\/schema.org\",\"@graph\":[{\"@type\":\"WebPage\",\"@id\":\"https:\\\/\\\/www.mwcompanies.com\\\/privacy-policy\\\/\",\"url\":\"https:\\\/\\\/www.mwcompanies.com\\\/privacy-policy\\\/\",\"name\":\"Privacy Policy | Midwest Companies\",\"isPartOf\":{\"@id\":\"https:\\\/\\\/www.mwcompanies.com\\\/#website\"},\"datePublished\":\"2019-12-05T04:25:11+00:00\",\"dateModified\":\"2024-04-17T18:19:42+00:00\",\"description\":\"Privacy policy of Midwest Companies: this page contains the privacy policy on how we use personal data we collect when on our website.\",\"breadcrumb\":{\"@id\":\"https:\\\/\\\/www.mwcompanies.com\\\/privacy-policy\\\/#breadcrumb\"},\"inLanguage\":\"pl-PL\",\"potentialAction\":[{\"@type\":\"ReadAction\",\"target\":[\"https:\\\/\\\/www.mwcompanies.com\\\/privacy-policy\\\/\"]}]},{\"@type\":\"BreadcrumbList\",\"@id\":\"https:\\\/\\\/www.mwcompanies.com\\\/privacy-policy\\\/#breadcrumb\",\"itemListElement\":[{\"@type\":\"ListItem\",\"position\":1,\"name\":\"Home\",\"item\":\"https:\\\/\\\/www.mwcompanies.com\\\/\"},{\"@type\":\"ListItem\",\"position\":2,\"name\":\"Privacy Policy\"}]},{\"@type\":\"WebSite\",\"@id\":\"https:\\\/\\\/www.mwcompanies.com\\\/#website\",\"url\":\"https:\\\/\\\/www.mwcompanies.com\\\/\",\"name\":\"Midwest Companies\",\"description\":\"Sustainable Waste Management Solutions\",\"publisher\":{\"@id\":\"https:\\\/\\\/www.mwcompanies.com\\\/#organization\"},\"alternateName\":\"MWCompanies\",\"potentialAction\":[{\"@type\":\"SearchAction\",\"target\":{\"@type\":\"EntryPoint\",\"urlTemplate\":\"https:\\\/\\\/www.mwcompanies.com\\\/?s={search_term_string}\"},\"query-input\":{\"@type\":\"PropertyValueSpecification\",\"valueRequired\":true,\"valueName\":\"search_term_string\"}}],\"inLanguage\":\"pl-PL\"},{\"@type\":\"Organization\",\"@id\":\"https:\\\/\\\/www.mwcompanies.com\\\/#organization\",\"name\":\"Midwest Companies\",\"url\":\"https:\\\/\\\/www.mwcompanies.com\\\/\",\"logo\":{\"@type\":\"ImageObject\",\"inLanguage\":\"pl-PL\",\"@id\":\"https:\\\/\\\/www.mwcompanies.com\\\/#\\\/schema\\\/logo\\\/image\\\/\",\"url\":\"https:\\\/\\\/www.mwcompanies.com\\\/wp-content\\\/uploads\\\/2021\\\/06\\\/logo.svg\",\"contentUrl\":\"https:\\\/\\\/www.mwcompanies.com\\\/wp-content\\\/uploads\\\/2021\\\/06\\\/logo.svg\",\"width\":2315,\"height\":852,\"caption\":\"Midwest Companies\"},\"image\":{\"@id\":\"https:\\\/\\\/www.mwcompanies.com\\\/#\\\/schema\\\/logo\\\/image\\\/\"},\"sameAs\":[\"https:\\\/\\\/www.facebook.com\\\/MidwestMaterialManagement\"]}]}<\/script>\n<!-- \/ Yoast SEO plugin. -->","yoast_head_json":{"title":"Polityka prywatno\u015bci | Firmy \u015arodkowego Zachodu","description":"Polityka prywatno\u015bci Midwest Companies: ta strona zawiera polityk\u0119 prywatno\u015bci dotycz\u0105c\u0105 sposobu, w jaki wykorzystujemy dane osobowe, kt\u00f3re zbieramy podczas korzystania z naszej witryny.","robots":{"index":"index","follow":"follow","max-snippet":"max-snippet:-1","max-image-preview":"max-image-preview:large","max-video-preview":"max-video-preview:-1"},"canonical":"https:\/\/www.mwcompanies.com\/pl\/polityka-prywatnosci\/","og_locale":"pl_PL","og_type":"article","og_title":"Privacy Policy | Midwest Companies","og_description":"Privacy policy of Midwest Companies: this page contains the privacy policy on how we use personal data we collect when on our website.","og_url":"https:\/\/www.mwcompanies.com\/pl\/polityka-prywatnosci\/","og_site_name":"Midwest Companies","article_publisher":"https:\/\/www.facebook.com\/MidwestMaterialManagement","article_modified_time":"2024-04-17T18:19:42+00:00","twitter_card":"summary_large_image","twitter_misc":{"Szacowany czas czytania":"5 minutes"},"schema":{"@context":"https:\/\/schema.org","@graph":[{"@type":"WebPage","@id":"https:\/\/www.mwcompanies.com\/privacy-policy\/","url":"https:\/\/www.mwcompanies.com\/privacy-policy\/","name":"Polityka prywatno\u015bci | Firmy \u015arodkowego Zachodu","isPartOf":{"@id":"https:\/\/www.mwcompanies.com\/#website"},"datePublished":"2019-12-05T04:25:11+00:00","dateModified":"2024-04-17T18:19:42+00:00","description":"Polityka prywatno\u015bci Midwest Companies: ta strona zawiera polityk\u0119 prywatno\u015bci dotycz\u0105c\u0105 sposobu, w jaki wykorzystujemy dane osobowe, kt\u00f3re zbieramy podczas korzystania z naszej witryny.","breadcrumb":{"@id":"https:\/\/www.mwcompanies.com\/privacy-policy\/#breadcrumb"},"inLanguage":"pl-PL","potentialAction":[{"@type":"ReadAction","target":["https:\/\/www.mwcompanies.com\/privacy-policy\/"]}]},{"@type":"BreadcrumbList","@id":"https:\/\/www.mwcompanies.com\/privacy-policy\/#breadcrumb","itemListElement":[{"@type":"ListItem","position":1,"name":"Home","item":"https:\/\/www.mwcompanies.com\/"},{"@type":"ListItem","position":2,"name":"Privacy Policy"}]},{"@type":"WebSite","@id":"https:\/\/www.mwcompanies.com\/#website","url":"https:\/\/www.mwcompanies.com\/","name":"Firmy ze \u015arodkowego Zachodu","description":"Zr\u00f3wnowa\u017cone rozwi\u0105zania w zakresie zarz\u0105dzania odpadami","publisher":{"@id":"https:\/\/www.mwcompanies.com\/#organization"},"alternateName":"MWCompanies","potentialAction":[{"@type":"SearchAction","target":{"@type":"EntryPoint","urlTemplate":"https:\/\/www.mwcompanies.com\/?s={search_term_string}"},"query-input":{"@type":"PropertyValueSpecification","valueRequired":true,"valueName":"search_term_string"}}],"inLanguage":"pl-PL"},{"@type":"Organization","@id":"https:\/\/www.mwcompanies.com\/#organization","name":"Firmy ze \u015arodkowego Zachodu","url":"https:\/\/www.mwcompanies.com\/","logo":{"@type":"ImageObject","inLanguage":"pl-PL","@id":"https:\/\/www.mwcompanies.com\/#\/schema\/logo\/image\/","url":"https:\/\/www.mwcompanies.com\/wp-content\/uploads\/2021\/06\/logo.svg","contentUrl":"https:\/\/www.mwcompanies.com\/wp-content\/uploads\/2021\/06\/logo.svg","width":2315,"height":852,"caption":"Midwest Companies"},"image":{"@id":"https:\/\/www.mwcompanies.com\/#\/schema\/logo\/image\/"},"sameAs":["https:\/\/www.facebook.com\/MidwestMaterialManagement"]}]}},"_links":{"self":[{"href":"https:\/\/www.mwcompanies.com\/pl\/wp-json\/wp\/v2\/pages\/3","targetHints":{"allow":["GET"]}}],"collection":[{"href":"https:\/\/www.mwcompanies.com\/pl\/wp-json\/wp\/v2\/pages"}],"about":[{"href":"https:\/\/www.mwcompanies.com\/pl\/wp-json\/wp\/v2\/types\/page"}],"author":[{"embeddable":true,"href":"https:\/\/www.mwcompanies.com\/pl\/wp-json\/wp\/v2\/users\/3"}],"replies":[{"embeddable":true,"href":"https:\/\/www.mwcompanies.com\/pl\/wp-json\/wp\/v2\/comments?post=3"}],"version-history":[{"count":5,"href":"https:\/\/www.mwcompanies.com\/pl\/wp-json\/wp\/v2\/pages\/3\/revisions"}],"predecessor-version":[{"id":689,"href":"https:\/\/www.mwcompanies.com\/pl\/wp-json\/wp\/v2\/pages\/3\/revisions\/689"}],"wp:attachment":[{"href":"https:\/\/www.mwcompanies.com\/pl\/wp-json\/wp\/v2\/media?parent=3"}],"curies":[{"name":"wp","href":"https:\/\/api.w.org\/{rel}","templated":true}]}}