{"id":710,"date":"2024-09-09T20:31:24","date_gmt":"2024-09-10T01:31:24","guid":{"rendered":"https:\/\/www.mwcompanies.com\/?page_id=710"},"modified":"2026-03-23T14:03:07","modified_gmt":"2026-03-23T19:03:07","slug":"contact-us-form","status":"publish","type":"page","link":"https:\/\/www.mwcompanies.com\/pl\/kontakt\/","title":{"rendered":"Kontakt"},"content":{"rendered":"<section class=\"section dark\" id=\"section_300825821\">\n\t\t<div class=\"section-bg fill\" >\n\t\t\t<img loading=\"lazy\" decoding=\"async\" width=\"1920\" height=\"1280\" src=\"https:\/\/www.mwcompanies.com\/wp-content\/uploads\/2021\/06\/truck-fleet.jpg\" class=\"bg attachment-original size-original\" alt=\"Flota ci\u0119\u017car\u00f3wek\" \/>\t\t\t\t\t\t<div class=\"section-bg-overlay absolute fill\"><\/div>\n\t\t\t\n\n\t\t<\/div>\n\n\t\t\n\n\t\t<div class=\"section-content relative\">\n\t\t\t\n\n<div class=\"row\"  id=\"row-1679770139\">\n\n\n\t<div id=\"col-1061062687\" class=\"col medium-10 small-12 large-6\"  >\n\t\t\t\t<div class=\"col-inner text-shadow-5\"  >\n\t\t\t\n\t\t\t\n\n\t<div id=\"text-888758532\" class=\"text\">\n\t\t\n\n<h1 class=\"display-2 no-margin\">Skontaktuj si\u0119 z nami<\/h1>\n<p class=\"lead\">Pomo\u017cemy Ci zarz\u0105dza\u0107 odpadami komercyjnymi i mieszkalnymi oraz recyklingiem<\/p>\n<p>Midwest Companies sk\u0142ada si\u0119 z czterech firm, kt\u00f3re odgrywaj\u0105 wyj\u0105tkow\u0105 rol\u0119 w JEDNYM g\u0142\u00f3wnym celu \u2013 utrzymywaniu odpad\u00f3w budowlanych i rozbi\u00f3rkowych z dala od wysypisk w naszym kraju!<\/p>\n\t\t\n<style>\n#text-888758532 {\n  font-size: 1.25rem;\n}\n@media (min-width:550px) {\n  #text-888758532 {\n    font-size: 1rem;\n  }\n}\n<\/style>\n\t<\/div>\n\t\n<a href=\"tel:%20+18474266354\" class=\"button primary\" >\n\t\t<span>Zadzwo\u0144 dzisiaj: (847) 426-6354<\/span>\n\t<\/a>\n\n\n\n\t\t<\/div>\n\t\t\t\t\t<\/div>\n\n\t\n\n<\/div>\n\n\t\t<\/div>\n\n\t\t\n<style>\n#section_300825821 {\n  padding-top: 95px;\n  padding-bottom: 95px;\n  background-color: rgb(40, 40, 40);\n}\n#section_300825821 .section-bg-overlay {\n  background-color: rgba(0, 0, 0, 0.488);\n}\n#section_300825821 .section-bg img {\n  object-position: 65% 39%;\n}\n@media (min-width:850px) {\n  #section_300825821 .section-bg-overlay {\n    background-color: rgba(0, 0, 0, 0.523);\n  }\n}\n<\/style>\n\t<\/section>\n\t\n\n\t<section class=\"section\" id=\"section_279272524\">\n\t\t<div class=\"section-bg fill\" >\n\t\t\t<img loading=\"lazy\" decoding=\"async\" width=\"1920\" height=\"1361\" src=\"https:\/\/www.mwcompanies.com\/wp-content\/uploads\/2021\/06\/taller-bg.svg\" class=\"bg attachment- size-\" alt=\"\" \/>\t\t\t\t\t\t\n\t\t\t\n\n\t\t<\/div>\n\n\t\t\n\n\t\t<div class=\"section-content relative\">\n\t\t\t\n\n<span class=\"scroll-to\" data-label=\"Scroll to: #purchase\" data-bullet=\"false\" data-link=\"#purchase\" data-title=\"purchase\"><a name=\"purchase\"><\/a><\/span>\n\n<div class=\"row align-center\"  id=\"row-1829586805\">\n\n\n\t<div id=\"col-1133994321\" class=\"col medium-11 small-12 large-7\"  >\n\t\t\t\t<div class=\"col-inner box-shadow-5\" style=\"background-color:rgb(255,255,255);\" >\n\t\t\t\n\t\t\t\n\n\n\n<iframe loading=\"lazy\" src=\"https:\/\/forms.monday.com\/forms\/embed\/ed1e92ad7a6f044b79f494d047071103?r=use1\" width=\"650\" height=\"1100\" style=\"border: 0; box-shadow: 5px 5px 56px 0px rgba(0,0,0,0.25);\"><\/iframe>\n\n\n\t\t<\/div>\n\t\t\t\t\n<style>\n#col-1133994321 > .col-inner {\n  padding: 50px 50px 50px 50px;\n}\n<\/style>\n\t<\/div>\n\n\t\n\n\t<div id=\"col-503633465\" class=\"col medium-11 small-12 large-5\"  >\n\t\t\t\t<div class=\"col-inner\"  >\n\t\t\t\n\t\t\t\n\n<h3>Biuro sp\u00f3\u0142ki<\/h3>\n<p>270 N State St.<br \/>Hampshire, IL 60140<\/p>\n<div class=\"google-maps\"><iframe src=\"https:\/\/www.google.com\/maps\/embed?pb=!1m18!1m12!1m3!1d2960.30903286809!2d-88.53264148405393!3d42.10085187920495!2m3!1f0!2f0!3f0!3m2!1i1024!2i768!4f13.1!3m3!1m2!1s0x880f3cf1a84434b5%3A0x22be7aeb3e6518c9!2s270%20N%20State%20St%2C%20Hampshire%2C%20IL%2060140!5e0!3m2!1sen!2sus!4v1639767410855!5m2!1sen!2sus\" width=\"600\" height=\"450\" style=\"border:0;\" allowfullscreen=\"\" loading=\"lazy\"><\/iframe><\/div>\n<span class=\"scroll-to\" data-label=\"Scroll to: #directions\" data-bullet=\"false\" data-link=\"#directions\" data-title=\"Change this\"><a name=\"directions\"><\/a><\/span>\n\n<h3>Naprawa ci\u0119\u017car\u00f3wek, przyczep i sprz\u0119tu<\/h3>\n<div class=\"printable\" dir=\"ltr\">11414 Smith Dr. Jednostki D&amp;E<\/div>\n<div class=\"printable\" dir=\"ltr\">Huntley, IL 60142<\/div>\n\t<div id=\"gap-120179497\" class=\"gap-element clearfix\" style=\"display:block; height:auto;\">\n\t\t\n<style>\n#gap-120179497 {\n  padding-top: 30px;\n}\n<\/style>\n\t<\/div>\n\t\n\n<p>Zostaw nam <a href=\"https:\/\/g.page\/r\/CUzZHHyw-jA4EBM\/review\">Recenzja Google<\/a>.<\/p>\n\n\t\t<\/div>\n\t\t\t\t\t<\/div>\n\n\t\n\n<\/div>\n\n\t\t<\/div>\n\n\t\t\n<style>\n#section_279272524 {\n  padding-top: 60px;\n  padding-bottom: 60px;\n}\n#section_279272524 .section-bg img {\n  object-position: 17% 62%;\n}\n<\/style>\n\t<\/section>\n\t\n\n\t<section class=\"section\" id=\"section_1459086886\">\n\t\t<div class=\"section-bg fill\" >\n\t\t\t\t\t\t\t\t\t\n\t\t\t\n\n\t\t<\/div>\n\n\t\t\n\n\t\t<div class=\"section-content relative\">\n\t\t\t\n\n<div class=\"container section-title-container\" ><h2 class=\"section-title section-title-bold\"><b aria-hidden=\"true\"><\/b><span class=\"section-title-main\" >\u0141\u0105czno\u015b\u0107<\/span><b aria-hidden=\"true\"><\/b><\/h2><\/div>\n\n<div class=\"row\"  id=\"row-1485906416\">\n\n\n\t<div id=\"col-1610940452\" class=\"col medium-4 small-12 large-4\"  >\n\t\t\t\t<div class=\"col-inner\"  >\n\t\t\t\n\t\t\t\n\n<div class=\"fusion-text\">\n<p><strong>Telefon: <a href=\"tel:+18474266354\">(847) 426-6354<\/a><\/strong><br \/><strong>Skala: <a href=\"tel:+18476459516\">(847) 645-9516<\/a><\/strong><br \/><strong>Faks: (847) 426-0146<\/strong><\/p>\n<\/div>\n<p><strong>Godziny operacji:<\/strong><br \/><strong>MF<\/strong> 7:00 \u2013 16:00<br \/><strong>soboty<\/strong> \u2013 7:00 \u2013 12:00<br \/><strong>Nieczynne w niedziele<\/strong><br \/><small>GODZINY R\u00d3\u017bNI\u0104 SI\u0118 W ZALE\u017bNO\u015aCI OD SEZONU, PROSZ\u0118 DZWONI\u0106 Z WYPRZEDZENIEM<\/small><br \/><small>Obowi\u0105zuje od 1 stycznia 2024 r<\/small><\/p>\n\n\t\t<\/div>\n\t\t\t\t\t<\/div>\n\n\t\n\n\t<div id=\"col-62693326\" class=\"col medium-4 small-12 large-4\"  >\n\t\t\t\t<div class=\"col-inner\"  >\n\t\t\t\n\t\t\t\n\n\t<div id=\"text-1710958539\" class=\"text\">\n\t\t\n\n<p><strong>Firmy ze \u015arodkowego Zachodu<br \/><\/strong>Transport \/ Wysy\u0142ka \/ Sprzeda\u017c flotowa \/ Ceny: <a href=\"mailto:skyle@mwcompanies.com\">Stevena Kyle\u2019a<\/a><\/p>\n<p><strong>Zarz\u0105dzanie materia\u0142ami na \u015arodkowym Zachodzie<br \/><\/strong>Transport \/ Ceny: <a href=\"mailto:skyle@mwcompanies.com\">Stevena Kyle\u2019a<\/a><\/p>\n<p><strong>Recykling C&amp;D<\/strong><br \/>Steve\u2019a Berglunda<\/p>\n\t\t\n<style>\n#text-1710958539 {\n  font-size: 0.9rem;\n}\n<\/style>\n\t<\/div>\n\t\n\n\t\t<\/div>\n\t\t\t\t\t<\/div>\n\n\t\n\n\t<div id=\"col-2114328236\" class=\"col medium-4 small-12 large-4\"  >\n\t\t\t\t<div class=\"col-inner\"  >\n\t\t\t\n\t\t\t\n\n\t<div id=\"text-263829802\" class=\"text\">\n\t\t\n\n<p><strong>TiEnergy<\/strong><br \/>Steve\u2019a Berglunda<\/p>\n<p><strong>TIEROC<\/strong><br \/><a href=\"mailto:skyle@mwcompanies.com\">Stevena Kyle\u2019a<\/a><\/p>\n\t\t\n<style>\n#text-263829802 {\n  font-size: 0.9rem;\n}\n<\/style>\n\t<\/div>\n\t\n\n\t\t<\/div>\n\t\t\t\t\t<\/div>\n\n\t\n\n<\/div>\n\n\t\t<\/div>\n\n\t\t\n<style>\n#section_1459086886 {\n  padding-top: 58px;\n  padding-bottom: 58px;\n  background-color: rgb(245, 245, 245);\n}\n@media (min-width:550px) {\n  #section_1459086886 {\n    padding-top: 82px;\n    padding-bottom: 82px;\n  }\n}\n<\/style>\n\t<\/section>","protected":false},"excerpt":{"rendered":"","protected":false},"author":3,"featured_media":0,"parent":0,"menu_order":0,"comment_status":"closed","ping_status":"closed","template":"page-blank.php","meta":{"footnotes":""},"class_list":["post-710","page","type-page","status-publish","hentry"],"yoast_head":"<!-- This site is optimized with the Yoast SEO plugin v27.3 - https:\/\/yoast.com\/product\/yoast-seo-wordpress\/ -->\n<title>Sustainable Waste Management Services | Midwest Companies<\/title>\n<meta name=\"description\" content=\"Industrial waste removal, recycling services, railroad tie remediation, heavy hauling, or other C&amp;D material services, call (847) 426-6354...\" \/>\n<meta name=\"robots\" content=\"index, follow, max-snippet:-1, max-image-preview:large, max-video-preview:-1\" \/>\n<link rel=\"canonical\" href=\"https:\/\/www.mwcompanies.com\/pl\/kontakt\/\" \/>\n<meta property=\"og:locale\" content=\"pl_PL\" \/>\n<meta property=\"og:type\" content=\"article\" \/>\n<meta property=\"og:title\" content=\"Sustainable Waste Management Services | Midwest Companies\" \/>\n<meta property=\"og:description\" content=\"Industrial waste removal, recycling services, railroad tie remediation, heavy hauling, or other C&amp;D material services, call (847) 426-6354...\" \/>\n<meta property=\"og:url\" content=\"https:\/\/www.mwcompanies.com\/pl\/kontakt\/\" \/>\n<meta property=\"og:site_name\" content=\"Midwest Companies\" \/>\n<meta property=\"article:publisher\" content=\"https:\/\/www.facebook.com\/MidwestMaterialManagement\" \/>\n<meta property=\"article:modified_time\" content=\"2026-03-23T19:03:07+00:00\" \/>\n<meta name=\"twitter:card\" content=\"summary_large_image\" \/>\n<meta name=\"twitter:label1\" content=\"Szacowany czas czytania\" \/>\n\t<meta name=\"twitter:data1\" content=\"1 minute\" \/>\n<script type=\"application\/ld+json\" class=\"yoast-schema-graph\">{\"@context\":\"https:\\\/\\\/schema.org\",\"@graph\":[{\"@type\":\"WebPage\",\"@id\":\"https:\\\/\\\/www.mwcompanies.com\\\/contact-us-form\\\/\",\"url\":\"https:\\\/\\\/www.mwcompanies.com\\\/contact-us-form\\\/\",\"name\":\"Sustainable Waste Management Services | Midwest Companies\",\"isPartOf\":{\"@id\":\"https:\\\/\\\/www.mwcompanies.com\\\/#website\"},\"datePublished\":\"2024-09-10T01:31:24+00:00\",\"dateModified\":\"2026-03-23T19:03:07+00:00\",\"description\":\"Industrial waste removal, recycling services, railroad tie remediation, heavy hauling, or other C&D material services, call (847) 426-6354...\",\"breadcrumb\":{\"@id\":\"https:\\\/\\\/www.mwcompanies.com\\\/contact-us-form\\\/#breadcrumb\"},\"inLanguage\":\"pl-PL\",\"potentialAction\":[{\"@type\":\"ReadAction\",\"target\":[\"https:\\\/\\\/www.mwcompanies.com\\\/contact-us-form\\\/\"]}]},{\"@type\":\"BreadcrumbList\",\"@id\":\"https:\\\/\\\/www.mwcompanies.com\\\/contact-us-form\\\/#breadcrumb\",\"itemListElement\":[{\"@type\":\"ListItem\",\"position\":1,\"name\":\"Home\",\"item\":\"https:\\\/\\\/www.mwcompanies.com\\\/\"},{\"@type\":\"ListItem\",\"position\":2,\"name\":\"Contact\"}]},{\"@type\":\"WebSite\",\"@id\":\"https:\\\/\\\/www.mwcompanies.com\\\/#website\",\"url\":\"https:\\\/\\\/www.mwcompanies.com\\\/\",\"name\":\"Midwest Companies\",\"description\":\"Sustainable Waste Management Solutions\",\"publisher\":{\"@id\":\"https:\\\/\\\/www.mwcompanies.com\\\/#organization\"},\"alternateName\":\"MWCompanies\",\"potentialAction\":[{\"@type\":\"SearchAction\",\"target\":{\"@type\":\"EntryPoint\",\"urlTemplate\":\"https:\\\/\\\/www.mwcompanies.com\\\/?s={search_term_string}\"},\"query-input\":{\"@type\":\"PropertyValueSpecification\",\"valueRequired\":true,\"valueName\":\"search_term_string\"}}],\"inLanguage\":\"pl-PL\"},{\"@type\":\"Organization\",\"@id\":\"https:\\\/\\\/www.mwcompanies.com\\\/#organization\",\"name\":\"Midwest Companies\",\"url\":\"https:\\\/\\\/www.mwcompanies.com\\\/\",\"logo\":{\"@type\":\"ImageObject\",\"inLanguage\":\"pl-PL\",\"@id\":\"https:\\\/\\\/www.mwcompanies.com\\\/#\\\/schema\\\/logo\\\/image\\\/\",\"url\":\"https:\\\/\\\/www.mwcompanies.com\\\/wp-content\\\/uploads\\\/2021\\\/06\\\/logo.svg\",\"contentUrl\":\"https:\\\/\\\/www.mwcompanies.com\\\/wp-content\\\/uploads\\\/2021\\\/06\\\/logo.svg\",\"width\":2315,\"height\":852,\"caption\":\"Midwest Companies\"},\"image\":{\"@id\":\"https:\\\/\\\/www.mwcompanies.com\\\/#\\\/schema\\\/logo\\\/image\\\/\"},\"sameAs\":[\"https:\\\/\\\/www.facebook.com\\\/MidwestMaterialManagement\"]}]}<\/script>\n<!-- \/ Yoast SEO plugin. -->","yoast_head_json":{"title":"Us\u0142ugi zr\u00f3wnowa\u017conego gospodarowania odpadami | Firmy Midwest","description":"Us\u0142ugi usuwania odpad\u00f3w przemys\u0142owych, us\u0142ugi recyklingu, naprawa podk\u0142ad\u00f3w kolejowych, transport ci\u0119\u017cki lub inne us\u0142ugi zwi\u0105zane z materia\u0142ami budowlanymi i rozbi\u00f3rkowymi. Zadzwo\u0144 pod numer (847) 426-6354...","robots":{"index":"index","follow":"follow","max-snippet":"max-snippet:-1","max-image-preview":"max-image-preview:large","max-video-preview":"max-video-preview:-1"},"canonical":"https:\/\/www.mwcompanies.com\/pl\/kontakt\/","og_locale":"pl_PL","og_type":"article","og_title":"Sustainable Waste Management Services | Midwest Companies","og_description":"Industrial waste removal, recycling services, railroad tie remediation, heavy hauling, or other C&D material services, call (847) 426-6354...","og_url":"https:\/\/www.mwcompanies.com\/pl\/kontakt\/","og_site_name":"Midwest Companies","article_publisher":"https:\/\/www.facebook.com\/MidwestMaterialManagement","article_modified_time":"2026-03-23T19:03:07+00:00","twitter_card":"summary_large_image","twitter_misc":{"Szacowany czas czytania":"1 minute"},"schema":{"@context":"https:\/\/schema.org","@graph":[{"@type":"WebPage","@id":"https:\/\/www.mwcompanies.com\/contact-us-form\/","url":"https:\/\/www.mwcompanies.com\/contact-us-form\/","name":"Us\u0142ugi zr\u00f3wnowa\u017conego gospodarowania odpadami | Firmy Midwest","isPartOf":{"@id":"https:\/\/www.mwcompanies.com\/#website"},"datePublished":"2024-09-10T01:31:24+00:00","dateModified":"2026-03-23T19:03:07+00:00","description":"Us\u0142ugi usuwania odpad\u00f3w przemys\u0142owych, us\u0142ugi recyklingu, naprawa podk\u0142ad\u00f3w kolejowych, transport ci\u0119\u017cki lub inne us\u0142ugi zwi\u0105zane z materia\u0142ami budowlanymi i rozbi\u00f3rkowymi. Zadzwo\u0144 pod numer (847) 426-6354...","breadcrumb":{"@id":"https:\/\/www.mwcompanies.com\/contact-us-form\/#breadcrumb"},"inLanguage":"pl-PL","potentialAction":[{"@type":"ReadAction","target":["https:\/\/www.mwcompanies.com\/contact-us-form\/"]}]},{"@type":"BreadcrumbList","@id":"https:\/\/www.mwcompanies.com\/contact-us-form\/#breadcrumb","itemListElement":[{"@type":"ListItem","position":1,"name":"Home","item":"https:\/\/www.mwcompanies.com\/"},{"@type":"ListItem","position":2,"name":"Contact"}]},{"@type":"WebSite","@id":"https:\/\/www.mwcompanies.com\/#website","url":"https:\/\/www.mwcompanies.com\/","name":"Firmy ze \u015arodkowego Zachodu","description":"Zr\u00f3wnowa\u017cone rozwi\u0105zania w zakresie zarz\u0105dzania odpadami","publisher":{"@id":"https:\/\/www.mwcompanies.com\/#organization"},"alternateName":"MWCompanies","potentialAction":[{"@type":"SearchAction","target":{"@type":"EntryPoint","urlTemplate":"https:\/\/www.mwcompanies.com\/?s={search_term_string}"},"query-input":{"@type":"PropertyValueSpecification","valueRequired":true,"valueName":"search_term_string"}}],"inLanguage":"pl-PL"},{"@type":"Organization","@id":"https:\/\/www.mwcompanies.com\/#organization","name":"Firmy ze \u015arodkowego Zachodu","url":"https:\/\/www.mwcompanies.com\/","logo":{"@type":"ImageObject","inLanguage":"pl-PL","@id":"https:\/\/www.mwcompanies.com\/#\/schema\/logo\/image\/","url":"https:\/\/www.mwcompanies.com\/wp-content\/uploads\/2021\/06\/logo.svg","contentUrl":"https:\/\/www.mwcompanies.com\/wp-content\/uploads\/2021\/06\/logo.svg","width":2315,"height":852,"caption":"Midwest Companies"},"image":{"@id":"https:\/\/www.mwcompanies.com\/#\/schema\/logo\/image\/"},"sameAs":["https:\/\/www.facebook.com\/MidwestMaterialManagement"]}]}},"_links":{"self":[{"href":"https:\/\/www.mwcompanies.com\/pl\/wp-json\/wp\/v2\/pages\/710","targetHints":{"allow":["GET"]}}],"collection":[{"href":"https:\/\/www.mwcompanies.com\/pl\/wp-json\/wp\/v2\/pages"}],"about":[{"href":"https:\/\/www.mwcompanies.com\/pl\/wp-json\/wp\/v2\/types\/page"}],"author":[{"embeddable":true,"href":"https:\/\/www.mwcompanies.com\/pl\/wp-json\/wp\/v2\/users\/3"}],"replies":[{"embeddable":true,"href":"https:\/\/www.mwcompanies.com\/pl\/wp-json\/wp\/v2\/comments?post=710"}],"version-history":[{"count":7,"href":"https:\/\/www.mwcompanies.com\/pl\/wp-json\/wp\/v2\/pages\/710\/revisions"}],"predecessor-version":[{"id":748,"href":"https:\/\/www.mwcompanies.com\/pl\/wp-json\/wp\/v2\/pages\/710\/revisions\/748"}],"wp:attachment":[{"href":"https:\/\/www.mwcompanies.com\/pl\/wp-json\/wp\/v2\/media?parent=710"}],"curies":[{"name":"wp","href":"https:\/\/api.w.org\/{rel}","templated":true}]}}